{"id":2495,"date":"2022-01-04T15:33:18","date_gmt":"2022-01-04T14:33:18","guid":{"rendered":"https:\/\/www.blaye-les-mines.fr\/?page_id=2495"},"modified":"2026-04-06T21:49:43","modified_gmt":"2026-04-06T19:49:43","slug":"information-enedis","status":"publish","type":"page","link":"https:\/\/www.blaye-les-mines.fr\/index.php\/information-enedis\/","title":{"rendered":"INFORMATION ENEDIS"},"content":{"rendered":"<div class=\"brz brz-root__container brz-reset-all brz-root__container-page\">\n<section id=\"7d9d3808573f5a40c891_heqldmdvbfntqftkhwjqnsgiuxepxdtbcdea\" class=\"brz-section brz-css-3p1ybz brz-css-c0ay7v\">\n<div class=\"brz-section__content brz-section--boxed brz-css-lqu7a8 brz-css-1hjl0i\" data-brz-custom-id=\"qdmadxmcpqdfeybmwsbsnclqnnzrfsqcqmwa\">\n<div class=\"brz-bg\">\n<div class=\"brz-bg-image\"><\/div>\n<div class=\"brz-bg-color\"><\/div>\n<div class=\"brz-bg-shape brz-bg-shape__bottom\"><\/div>\n<\/div>\n<div class=\"brz-container brz-css-o47j83 brz-css-o0008z\">\n<div class=\"brz-row__container brz-css-vklyas brz-css-r6b3ho\" data-brz-custom-id=\"itbjnajcvefbdotyahvdxmikjpmwcsjwrtql\">\n<div class=\"brz-row brz-css-15ck1el brz-css-1h1bikx brz-css-hcds83\">\n<div class=\"brz-columns brz-css-hjl2az brz-css-1re5nio\" data-brz-custom-id=\"flppbufqieuguzaramydttxhpjiwgdaeetbx\">\n<div class=\"brz-column__items brz-css-k4s2cg brz-css-1h75oen\">\n<div id=\"\" class=\"brz-css-1vmg18g brz-css-hb4o0z brz-wrapper\">\n<div class=\"brz-image brz-css-15l5eon brz-css-1hvqixy\" data-brz-custom-id=\"fbrmaifzctdavkwodennzqtnhgyqqarwdbcx\"><img decoding=\"async\" class=\"brz-img\" src=\"https:\/\/www.blaye-les-mines.fr\/wp-content\/uploads\/brizy\/imgs\/LogoBlaye-a-envoyer--174x102x0x1x174x101x1613394616.jpg\" alt=\"\" title=\"LogoBlaye a envoyer\" loading=\"lazy\"><\/div>\n<\/div>\n<\/div>\n<\/div>\n<div class=\"brz-columns brz-css-hjl2az brz-css-1e2yvue\" data-brz-custom-id=\"jrolaseegqdpjbpycbolbienvqubspcvqoss\">\n<div class=\"brz-column__items brz-css-k4s2cg brz-css-knudz2\">\n<div class=\"brz-row__container brz-css-vklyas brz-css-vipnqy\" data-brz-custom-id=\"qkddfhrdnaudwiqgnqpmuydmsqgfvkkgwlqv\">\n<div class=\"brz-row brz-row--inner brz-css-15ck1el brz-css-1h1bikx brz-css-x8hk2g\">\n<div class=\"brz-columns brz-css-hjl2az brz-css-a2yr3a\" data-brz-custom-id=\"jnhxcqaluazpqzocrpkcjnrlrcjnicckjksy\">\n<div class=\"brz-column__items brz-css-k4s2cg brz-css-cz7qm2\">\n<div id=\"\" class=\"brz-css-1vmg18g brz-css-kfnk6x brz-wrapper\">\n<div class=\"brz-rich-text brz-rich-text__custom brz-css-387qkd brz-css-nw51re\" data-brz-custom-id=\"xonctbxpgcnpbouqjfblcyvnnzzauhbcalsv\">\n<div data-brz-translate-text=\"1\">\n<p class=\"brz-text-lg-center brz-fs-xs-39 brz-fs-sm-39 brz-fs-lg-40 brz-fw-xs-400 brz-fw-sm-400 brz-fw-lg-400 brz-ft-google brz-ff-noto_serif brz-ls-xs-0 brz-ls-sm-0 brz-ls-lg-0 brz-lh-xs-1_6 brz-lh-sm-1_6 brz-lh-lg-1_9 brz-css-gFJN0\" data-uniq-id=\"plwip\" data-generated-css=\"brz-css-njnpz\"><a class=\"link--external\" href=\"https:\/\/www.blaye-les-mines.fr\/\" data-brz-link-type=\"external\"><strong>Accueil<\/strong><\/a><\/p>\n<\/div>\n<\/div>\n<\/div>\n<\/div>\n<\/div>\n<div class=\"brz-columns brz-css-hjl2az brz-css-5xd2yw\" data-brz-custom-id=\"ijbkqcjecifnforlqimpcczdbjbspwpfjbms\">\n<div class=\"brz-column__items brz-css-k4s2cg brz-css-1doxprt\">\n<div class=\"brz-wrapper-clone brz-flex-xs-wrap brz-css-1qrbyoe brz-css-1x8fbh9\" data-brz-custom-id=\"lbaldsmcgzletwqxclpuuxavsodbeqinkrlq\">\n<div class=\"brz-icon__container\" data-brz-custom-id=\"fpnjnluduecjmdeeyzeqdgkmnqhecoktzmqo\"><a class=\"brz-a\" href=\"https:\/\/www.facebook.com\/Mairie-de-Blaye-les-Mines-101449224852052\" target=\"_blank\" rel=\"noopener\" data-brz-link-type=\"external\"><span class=\"brz-icon brz-span brz-css-1p89w48 brz-css-etcas5\"><\/span><\/a><\/div>\n<\/div>\n<\/div>\n<\/div>\n<\/div>\n<\/div>\n<div id=\"\" class=\"brz-css-1vmg18g brz-css-15julyn brz-wrapper\">\n<div class=\"brz-menu-simple brz-css-1e7df51 brz-css-13som4x\">\n<div style=\"min-height:20px\">\n<div class=\"menu-mairie-container\">\n<ul id=\"menu-mairie\" class=\"menu\">\n<li id=\"menu-item-1783\" class=\"menu-item menu-item-type-custom menu-item-object-custom menu-item-home menu-item-has-children menu-item-1783\"><a href=\"http:\/\/www.blaye-les-mines.fr\/\">Presentation<\/a>\n<ul class=\"sub-menu\">\n<li id=\"menu-item-281\" class=\"menu-item menu-item-type-post_type menu-item-object-page menu-item-281\"><a href=\"https:\/\/www.blaye-les-mines.fr\/index.php\/situation\/\">Situation<\/a><\/li>\n<li id=\"menu-item-579\" class=\"menu-item menu-item-type-post_type menu-item-object-page menu-item-579\"><a href=\"https:\/\/www.blaye-les-mines.fr\/index.php\/mot-du-maire\/\">Mot du Maire<\/a><\/li>\n<li id=\"menu-item-578\" class=\"menu-item menu-item-type-post_type menu-item-object-page menu-item-578\"><a href=\"https:\/\/www.blaye-les-mines.fr\/index.php\/conseil-municipal\/\">Conseil Municipal<\/a><\/li>\n<li id=\"menu-item-577\" class=\"menu-item menu-item-type-post_type menu-item-object-page menu-item-577\"><a href=\"https:\/\/www.blaye-les-mines.fr\/index.php\/lhistoire-du-bassin-houiller\/\">L\u2019histoire du bassin HOUILLER<\/a><\/li>\n<li id=\"menu-item-576\" class=\"menu-item menu-item-type-post_type menu-item-object-page menu-item-576\"><a href=\"https:\/\/www.blaye-les-mines.fr\/index.php\/revue-municipale\/\">Revue Municipale<\/a><\/li>\n<\/ul>\n<\/li>\n<li id=\"menu-item-1784\" class=\"menu-item menu-item-type-custom menu-item-object-custom menu-item-has-children menu-item-1784\"><a href=\"http:\/\/www.blaye-les-mines.fr\/index.php\/les-services-municipaux\/\">Les services<\/a>\n<ul class=\"sub-menu\">\n<li id=\"menu-item-1470\" class=\"menu-item menu-item-type-post_type menu-item-object-page menu-item-1470\"><a href=\"https:\/\/www.blaye-les-mines.fr\/index.php\/les-services-municipaux\/\">Les Services Municipaux<\/a><\/li>\n<li id=\"menu-item-1469\" class=\"menu-item menu-item-type-post_type menu-item-object-page menu-item-1469\"><a href=\"https:\/\/www.blaye-les-mines.fr\/index.php\/scolarite\/\">Scolarit\u00e9<\/a><\/li>\n<li id=\"menu-item-1468\" class=\"menu-item menu-item-type-post_type menu-item-object-page menu-item-1468\"><a href=\"https:\/\/www.blaye-les-mines.fr\/index.php\/demarches\/\">D\u00e9marches<\/a><\/li>\n<li id=\"menu-item-1473\" class=\"menu-item menu-item-type-post_type menu-item-object-page menu-item-1473\"><a href=\"https:\/\/www.blaye-les-mines.fr\/index.php\/marches-de-travaux\/\">March\u00e9s de travaux<\/a><\/li>\n<li id=\"menu-item-1472\" class=\"menu-item menu-item-type-post_type menu-item-object-page menu-item-1472\"><a href=\"https:\/\/www.blaye-les-mines.fr\/index.php\/arretes-prefectoraux\/\">Arr\u00eat\u00e9s Pr\u00e9fectoraux<\/a><\/li>\n<li id=\"menu-item-1471\" class=\"menu-item menu-item-type-post_type menu-item-object-page menu-item-1471\"><a href=\"https:\/\/www.blaye-les-mines.fr\/index.php\/risques-majeurs\/\">Risques majeurs<\/a><\/li>\n<\/ul>\n<\/li>\n<li id=\"menu-item-1785\" class=\"menu-item menu-item-type-custom menu-item-object-custom menu-item-has-children menu-item-1785\"><a href=\"http:\/\/www.blaye-les-mines.fr\/index.php\/o-m-s-b\/\">Vie sportive et culturelle<\/a>\n<ul class=\"sub-menu\">\n<li id=\"menu-item-1475\" class=\"menu-item menu-item-type-post_type menu-item-object-page menu-item-1475\"><a href=\"https:\/\/www.blaye-les-mines.fr\/index.php\/o-m-s-b\/\">O.M.S.B<\/a><\/li>\n<li id=\"menu-item-1474\" class=\"menu-item menu-item-type-post_type menu-item-object-page menu-item-1474\"><a href=\"https:\/\/www.blaye-les-mines.fr\/index.php\/o-m-c-b\/\">O.M.C.B<\/a><\/li>\n<li id=\"menu-item-1477\" class=\"menu-item menu-item-type-post_type menu-item-object-page menu-item-1477\"><a href=\"https:\/\/www.blaye-les-mines.fr\/index.php\/association-de-blaye-les-mines\/\">Associations de Blaye-les-Mines<\/a><\/li>\n<li id=\"menu-item-1476\" class=\"menu-item menu-item-type-post_type menu-item-object-page menu-item-1476\"><a href=\"https:\/\/www.blaye-les-mines.fr\/index.php\/bernard-joseph-artigue\/\">Bernard-Joseph Artigue<\/a><\/li>\n<\/ul>\n<\/li>\n<li id=\"menu-item-1786\" class=\"menu-item menu-item-type-custom menu-item-object-custom menu-item-has-children menu-item-1786\"><a href=\"http:\/\/www.blaye-les-mines.fr\/index.php\/entreprises-2\/\">Entreprises<\/a>\n<ul class=\"sub-menu\">\n<li id=\"menu-item-1479\" class=\"menu-item menu-item-type-post_type menu-item-object-page menu-item-1479\"><a href=\"https:\/\/www.blaye-les-mines.fr\/index.php\/entreprises-2\/\">Entreprises<\/a><\/li>\n<li id=\"menu-item-1478\" class=\"menu-item menu-item-type-post_type menu-item-object-page menu-item-1478\"><a href=\"https:\/\/www.blaye-les-mines.fr\/index.php\/3cs-la-communaute-de-communes-carmausin-segala\/\">3CS: La communaut\u00e9 de Communes Carmausin S\u00e9gala<\/a><\/li>\n<\/ul>\n<\/li>\n<\/ul>\n<\/div>\n<\/div>\n<\/div>\n<\/div>\n<\/div>\n<\/div>\n<\/div>\n<\/div>\n<div class=\"brz-row__container brz-css-vklyas brz-css-xesmx2\" data-brz-custom-id=\"gxbcspyjzqkclmfrdbzuzuioaysnglcsmcga\">\n<div class=\"brz-row brz-css-15ck1el brz-css-1h1bikx brz-css-1rzxjr0\">\n<div class=\"brz-columns brz-css-hjl2az brz-css-za9v9a\" data-brz-custom-id=\"ujhzjyscnflewycnnyrhyfyltaabxuzrdalj\">\n<div class=\"brz-column__items brz-css-k4s2cg brz-css-vwxbcn\">\n<div id=\"\" class=\"brz-css-1vmg18g brz-css-1mfawy7 brz-wrapper\">\n<div class=\"brz-rich-text brz-rich-text__custom brz-css-387qkd brz-css-1q2s9dw\" data-brz-custom-id=\"wnrlbpqfrohwbterldzttntvmayjadzcjtbe\">\n<div data-brz-translate-text=\"1\">\n<p class=\"brz-text-lg-center brz-text-xs-center brz-lh-lg-1_3 brz-lh-sm-1_2 brz-lh-xs-1_3 brz-ls-lg-m_1_5 brz-ls-sm-m_1 brz-ls-xs-m_1 brz-ff-noto_serif brz-ft-google brz-fw-lg-700 brz-fw-sm-700 brz-fw-xs-700 brz-fs-lg-64 brz-fs-sm-56 brz-fs-xs-54 brz-css-aW2jY\" data-generated-css=\"brz-css-zfmgw\" data-uniq-id=\"nhhed\"><strong class=\"brz-cp-color2\"><em>INFORMATION ENEDIS&nbsp;:<\/em><\/strong><\/p>\n<p class=\"brz-text-lg-center brz-text-xs-center brz-lh-lg-1_3 brz-lh-sm-1_2 brz-lh-xs-1_3 brz-ls-lg-m_1_5 brz-ls-sm-m_1 brz-ls-xs-m_1 brz-ff-noto_serif brz-ft-google brz-fw-lg-700 brz-fw-sm-700 brz-fw-xs-700 brz-fs-lg-25 brz-fs-sm-17 brz-fs-xs-15 brz-css-mwfxK\" data-generated-css=\"brz-css-jnyyl\" data-uniq-id=\"qrjkg\"><strong class=\"brz-cp-color2\"><em>COUPURES DE COURANT POUR TRAVAUX <\/em><\/strong><\/p>\n<\/div>\n<\/div>\n<\/div>\n<\/div>\n<\/div>\n<\/div>\n<\/div>\n<\/div>\n<\/div>\n<\/section>\n<section id=\"f545ea32d7afd130f11c_rfyjoxvblmhlynkvuynixqgcgpblhabothtd\" class=\"brz-section brz-css-bft3l2 brz-css-16fnkkw\">\n<div class=\"brz-section__content brz-section--boxed brz-css-6mo554 brz-css-1w0w31z\" data-brz-custom-id=\"lbodyfqrwbnpuhpapsbnnozzntqwtpkpzawm\">\n<div class=\"brz-container brz-css-5lbhx3 brz-css-1rh46qp\">\n<div id=\"\" class=\"brz-css-kgsi39 brz-css-zt0mcq brz-wrapper\">\n<div class=\"brz-rich-text brz-rich-text__custom brz-css-1ml9chy brz-css-9fs47w\" data-brz-custom-id=\"anriqrgrpvcwmnctkfdklyqnpwnnkeekdkiu\">\n<div data-brz-translate-text=\"1\">\n<p class=\"brz-lh-lg-1_8 brz-ls-lg-0 brz-fw-lg-400 brz-fss-lg-px brz-fs-lg-17 brz-ft-google brz-ff-lato brz-tp-lg-empty brz-css-jeQZJ\" data-generated-css=\"brz-css-wkapg\" data-uniq-id=\"lgapi\"><\/p>\n<\/div>\n<\/div>\n<\/div>\n<\/div>\n<\/div>\n<\/section>\n<section id=\"lUEALYNgcmR4_lUEALYNgcmR4\" class=\"brz-section brz-css-1g2zsdb brz-css-1qam3ln\">\n<div class=\"brz-section__content brz-section--boxed brz-css-1q2znee brz-css-10rvajf\" data-brz-custom-id=\"dykOOm0xKOKx\">\n<div class=\"brz-container brz-css-1atjxva brz-css-1ogqcss\">\n<div id=\"\" class=\"brz-css-1n1r2y0 brz-css-87a1hk brz-wrapper\">\n<div class=\"brz-image brz-css-qoh4tz brz-css-13gccvx\" data-brz-custom-id=\"vPfAKy4nZuq_\"><img decoding=\"async\" class=\"brz-img\" src=\"https:\/\/www.blaye-les-mines.fr\/wp-content\/uploads\/2025\/11\/coupure-de-courant-17112025-fluo-copie.jpg\" loading=\"lazy\" alt=\"\" title=\"coupure de courant 17112025 fluo copie\"><\/div>\n<\/div>\n<\/div>\n<\/div>\n<\/section>\n<section id=\"0f5dc37717aba7ad417f_qQlP2y7crCGT\" class=\"brz-section brz-css-dqle0u brz-css-1u3anh9\">\n<div class=\"brz-section__content brz-section--boxed brz-css-1gkaeyc brz-css-1id4qbs\" data-brz-custom-id=\"b0_a30jzACqe\">\n<div class=\"brz-container brz-css-253pq7 brz-css-dgw1w8\">\n<div class=\"brz-row__container brz-css-e7hz8j brz-css-45eglg\" data-brz-custom-id=\"tM7HXie1l4k4\">\n<div class=\"brz-row brz-css-11y0xzg brz-css-kbma1x brz-css-12sxm8c\">\n<div class=\"brz-columns brz-css-136edbj brz-css-iftwvi\" data-brz-custom-id=\"p0adlqU6P5h1\">\n<div class=\"brz-column__items brz-css-1q80gvt brz-css-1gk75ik\">\n<div id=\"\" class=\"brz-css-1edcc98 brz-css-1m2b7f brz-wrapper\">\n<div class=\"brz-image brz-css-1chzgpw brz-css-suosd1\" data-brz-custom-id=\"aQOytJCwqGtN\"><img decoding=\"async\" class=\"brz-img\" src=\"https:\/\/www.blaye-les-mines.fr\/wp-content\/uploads\/2025\/05\/Affiche_Blaye-les-Mines_10-03-25_150814jpg_Page1.jpg\" alt=\"\" title=\"Affiche_Blaye-les-Mines_10-03-25_150814jpg_Page1\" loading=\"lazy\"><\/div>\n<\/div>\n<\/div>\n<\/div>\n<div class=\"brz-columns brz-css-136edbj brz-css-1xl1h7j\" data-brz-custom-id=\"v7UBYb_SgTG0\">\n<div class=\"brz-column__items brz-css-1q80gvt brz-css-158dpuc\">\n<div id=\"\" class=\"brz-css-1edcc98 brz-css-1dby6ho brz-wrapper\">\n<div class=\"brz-image brz-css-jx35bs brz-css-879ilb\" data-brz-custom-id=\"dHfp4A_l7aBH\"><img decoding=\"async\" class=\"brz-img\" src=\"https:\/\/www.blaye-les-mines.fr\/wp-content\/uploads\/2025\/05\/Affiche_Blaye-les-Mines_10-03-25_150925jpg_Page1.jpg\" alt=\"\" title=\"Affiche_Blaye-les-Mines_10-03-25_150925jpg_Page1\" loading=\"lazy\"><\/div>\n<\/div>\n<\/div>\n<\/div>\n<\/div>\n<\/div>\n<\/div>\n<\/div>\n<\/section><\/div>\n<p><!-- version:1762505820 --><\/p>\n","protected":false},"excerpt":{"rendered":"<p>Accueil Presentation Situation Mot du Maire Conseil Municipal L\u2019histoire du bassin HOUILLER Revue Municipale Les services Les Services Municipaux Scolarit\u00e9 D\u00e9marches March\u00e9s de travaux Arr\u00eat\u00e9s Pr\u00e9fectoraux Risques majeurs Vie sportive et culturelle O.M.S.B O.M.C.B Associations de Blaye-les-Mines Bernard-Joseph Artigue Entreprises Entreprises 3CS: La communaut\u00e9 de Communes Carmausin S\u00e9gala INFORMATION ENEDIS&nbsp;: COUPURES DE COURANT POUR TRAVAUX<\/p>\n","protected":false},"author":1,"featured_media":0,"parent":0,"menu_order":0,"comment_status":"closed","ping_status":"closed","template":"brizy-blank-template.php","meta":{"footnotes":""},"brizy_media":[{"id":2958,"url":"https:\/\/www.blaye-les-mines.fr\/wp-content\/uploads\/2023\/01\/coupure-courant-25012023.jpg","name":"coupure-courant-25012023.jpg","meta":{"brizy_attachment_uid":"wp-2924559a5fa9522c847971365fe1ca48.jpg","brizy_post_uid":["c6d0da71595d7e6fb798c1a6148fff72","e46d5d9ee0789e3d9d5503418c5c025c"]}},{"id":4024,"url":"https:\/\/www.blaye-les-mines.fr\/wp-content\/uploads\/2025\/02\/coupure-de-courant-27022025-site.jpg","name":"coupure-de-courant-27022025-site.jpg","meta":{"brizy_attachment_uid":"wp-f28e201cc8387e59379f01493cead64a.jpg","brizy_post_uid":["e46d5d9ee0789e3d9d5503418c5c025c"]}},{"id":4055,"url":"https:\/\/www.blaye-les-mines.fr\/wp-content\/uploads\/2025\/03\/coupure-de-courant-18032025-fluo-copie.jpg","name":"coupure-de-courant-18032025-fluo-copie.jpg","meta":{"brizy_attachment_uid":"wp-9286f88037c26c857b75ebffd75d153e.jpg","brizy_post_uid":["c6d0da71595d7e6fb798c1a6148fff72","e46d5d9ee0789e3d9d5503418c5c025c","7f07a92732071fde297742834b09d848"]}},{"id":4084,"url":"https:\/\/www.blaye-les-mines.fr\/wp-content\/uploads\/2025\/04\/coupure-de-courant-22042025-site.jpg","name":"coupure-de-courant-22042025-site.jpg","meta":{"brizy_attachment_uid":"wp-2161215658f770c8c7b9c1f6fff9679b.jpg","brizy_post_uid":["c6d0da71595d7e6fb798c1a6148fff72","e46d5d9ee0789e3d9d5503418c5c025c","7f07a92732071fde297742834b09d848"]}},{"id":4100,"url":"https:\/\/www.blaye-les-mines.fr\/wp-content\/uploads\/2025\/04\/Coupure-100425-site.jpg","name":"Coupure-100425-site.jpg","meta":{"brizy_attachment_uid":"wp-536485edfa9725407d3a2703203a3259.jpg","brizy_post_uid":["c6d0da71595d7e6fb798c1a6148fff72","e46d5d9ee0789e3d9d5503418c5c025c","7f07a92732071fde297742834b09d848"]}},{"id":4130,"url":"https:\/\/www.blaye-les-mines.fr\/wp-content\/uploads\/2025\/05\/coupure-de-courant-27052025_Site.jpg","name":"coupure-de-courant-27052025_Site.jpg","meta":{"brizy_attachment_uid":"wp-1f5232b3f5121b3fa247736ea1142c22.jpg","brizy_post_uid":["c6d0da71595d7e6fb798c1a6148fff72","e46d5d9ee0789e3d9d5503418c5c025c","7f07a92732071fde297742834b09d848"]}},{"id":4131,"url":"https:\/\/www.blaye-les-mines.fr\/wp-content\/uploads\/2025\/05\/coupure-de-courant-0406062025_Site.jpg","name":"coupure-de-courant-0406062025_Site.jpg","meta":{"brizy_attachment_uid":"wp-e915b88bcd217551050e52e1bcb9df89.jpg","brizy_post_uid":["c6d0da71595d7e6fb798c1a6148fff72","e46d5d9ee0789e3d9d5503418c5c025c","7f07a92732071fde297742834b09d848"]}},{"id":4155,"url":"https:\/\/www.blaye-les-mines.fr\/wp-content\/uploads\/2025\/05\/Affiche_Blaye-les-Mines_10-03-25_150814jpg_Page1.jpg","name":"Affiche_Blaye-les-Mines_10-03-25_150814jpg_Page1.jpg","meta":{"brizy_attachment_uid":"wp-fd3b16660737f2b28b069748fd6b41a1.jpg","brizy_post_uid":["e46d5d9ee0789e3d9d5503418c5c025c"]}},{"id":4156,"url":"https:\/\/www.blaye-les-mines.fr\/wp-content\/uploads\/2025\/05\/Affiche_Blaye-les-Mines_10-03-25_150925jpg_Page1.jpg","name":"Affiche_Blaye-les-Mines_10-03-25_150925jpg_Page1.jpg","meta":{"brizy_attachment_uid":"wp-510151f2d7c20046994753bceafabe89.jpg","brizy_post_uid":["e46d5d9ee0789e3d9d5503418c5c025c"]}},{"id":4185,"url":"https:\/\/www.blaye-les-mines.fr\/wp-content\/uploads\/2025\/08\/CoupureCourant260825_PN.jpg","name":"CoupureCourant260825_PN.jpg","meta":{"brizy_attachment_uid":"wp-34469c3a7d2594640930bcfa8be35516.jpg","brizy_post_uid":["c6d0da71595d7e6fb798c1a6148fff72","e46d5d9ee0789e3d9d5503418c5c025c"]}},{"id":4223,"url":"https:\/\/www.blaye-les-mines.fr\/wp-content\/uploads\/2025\/11\/coupure-de-courant-17112025-fluo-copie.jpg","name":"coupure-de-courant-17112025-fluo-copie.jpg","meta":{"brizy_attachment_uid":"wp-c67799702f9c5299655a670c6aa84731.jpg","brizy_post_uid":["e46d5d9ee0789e3d9d5503418c5c025c","7f07a92732071fde297742834b09d848","c6d0da71595d7e6fb798c1a6148fff72"]}}],"_links":{"self":[{"href":"https:\/\/www.blaye-les-mines.fr\/index.php\/wp-json\/wp\/v2\/pages\/2495"}],"collection":[{"href":"https:\/\/www.blaye-les-mines.fr\/index.php\/wp-json\/wp\/v2\/pages"}],"about":[{"href":"https:\/\/www.blaye-les-mines.fr\/index.php\/wp-json\/wp\/v2\/types\/page"}],"author":[{"embeddable":true,"href":"https:\/\/www.blaye-les-mines.fr\/index.php\/wp-json\/wp\/v2\/users\/1"}],"replies":[{"embeddable":true,"href":"https:\/\/www.blaye-les-mines.fr\/index.php\/wp-json\/wp\/v2\/comments?post=2495"}],"version-history":[{"count":26,"href":"https:\/\/www.blaye-les-mines.fr\/index.php\/wp-json\/wp\/v2\/pages\/2495\/revisions"}],"predecessor-version":[{"id":4224,"href":"https:\/\/www.blaye-les-mines.fr\/index.php\/wp-json\/wp\/v2\/pages\/2495\/revisions\/4224"}],"wp:attachment":[{"href":"https:\/\/www.blaye-les-mines.fr\/index.php\/wp-json\/wp\/v2\/media?parent=2495"}],"curies":[{"name":"wp","href":"https:\/\/api.w.org\/{rel}","templated":true}]}}