{"id":373,"date":"2021-02-15T15:06:17","date_gmt":"2021-02-15T14:06:17","guid":{"rendered":"http:\/\/www.blaye-les-mines.fr\/?page_id=373"},"modified":"2026-04-06T16:40:11","modified_gmt":"2026-04-06T14:40:11","slug":"lhistoire-du-bassin-houiller","status":"publish","type":"page","link":"https:\/\/www.blaye-les-mines.fr\/index.php\/lhistoire-du-bassin-houiller\/","title":{"rendered":"L&rsquo;histoire du bassin HOUILLER"},"content":{"rendered":"<div class=\"brz-root__container brz-reset-all brz brz-root__container-page\">\n<section id=\"_raqobiwvtjvdupeoosidghxotukkxwnrsonz\" class=\"brz-section brz-css-123lpb6\">\n<div class=\"brz-section__content brz-section--boxed brz-css-aywn5u brz-css-sipxcc\" data-brz-custom-id=\"hnbmebafszpaslqjsawkdyqtifidqfgkbkzo\">\n<div class=\"brz-bg\">\n<div class=\"brz-bg-image\"><\/div>\n<div class=\"brz-bg-color\"><\/div>\n<div class=\"brz-bg-shape brz-bg-shape__bottom\"><\/div>\n<\/div>\n<div class=\"brz-container brz-css-1f8rnq0\">\n<div class=\"brz-row__container brz-css-2r5kr\" data-brz-custom-id=\"lwzaomjtlznprvpumpyiojtundoykliqcqud\">\n<div class=\"brz-bg\"><\/div>\n<div class=\"brz-row brz-css-1t2yuxh brz-css-2wieey\">\n<div class=\"brz-columns brz-css-9x0eh3 brz-css-1vcq3vl\" data-brz-custom-id=\"hefumlrggkzrtpnhhuveukqmuanisermepto\">\n<div class=\"brz-bg\"><\/div>\n<div class=\"brz-column__items brz-css-9hkwll brz-css-1ojsts3\">\n<div id=\"\" class=\"brz-css-vzrhe7 brz-wrapper\">\n<div class=\"brz-image brz-css-1fjninf\" data-brz-custom-id=\"rulaqlqviczqqslmiwwdjjidxeibkngumhec\"><img decoding=\"async\" class=\"brz-img\" src=\"https:\/\/www.blaye-les-mines.fr\/wp-content\/uploads\/brizy\/imgs\/LogoBlaye-a-envoyer--174x102x0x1x174x101x1613394616.jpg\" alt=\"\" loading=\"lazy\"><\/div>\n<\/div>\n<\/div>\n<\/div>\n<div class=\"brz-columns brz-css-9x0eh3 brz-css-1tr1etu\" data-brz-custom-id=\"yidqmkgbbnyqienlknatfdemuuhvlntpagjs\">\n<div class=\"brz-bg\"><\/div>\n<div class=\"brz-column__items brz-css-9hkwll brz-css-1ffcwz2\">\n<div class=\"brz-row__container brz-css-2r5kr\" data-brz-custom-id=\"bkishcpudooejtzpxwvosyxrenismvgmvuyv\">\n<div class=\"brz-bg\"><\/div>\n<div class=\"brz-row brz-row--inner brz-css-1t2yuxh brz-css-2wieey\">\n<div class=\"brz-columns brz-css-9x0eh3 brz-css-t2u4u9\" data-brz-custom-id=\"koelqcfqcppevatlksuzcqzdifctntnloctr\">\n<div class=\"brz-bg\"><\/div>\n<div class=\"brz-column__items brz-css-9hkwll\">\n<div id=\"\" class=\"brz-css-vzrhe7 brz-wrapper\">\n<div class=\"brz-rich-text brz-rich-text__custom brz-css-1v42cij\" data-brz-custom-id=\"yptynpzqeqdztlshqcvmffecbgptbgzmwtkf\">\n<div data-brz-translate-text=\"1\">\n<p class=\"brz-lh-lg-1_9 brz-lh-sm-im-1_6 brz-lh-xs-im-1_6 brz-ls-lg-0 brz-ls-sm-im-0 brz-ls-xs-im-0 brz-ff-noto_serif brz-ft-google brz-fw-lg-400 brz-fw-sm-im-400 brz-fw-xs-im-400 brz-fs-lg-40 brz-fs-sm-im-39 brz-fs-xs-im-39 brz-text-lg-center brz-css-fr0E2\">\t\t<a class=\"link--external\" href=\"https:\/\/www.blaye-les-mines.fr\/\" data-brz-link-type=\"external\"><strong>Accueil<\/strong><\/a><\/p>\n<\/div>\n<\/div>\n<\/div>\n<\/div>\n<\/div>\n<div class=\"brz-columns brz-css-9x0eh3 brz-css-ppl3x5\" data-brz-custom-id=\"ccznzzmtbultyvkbrmueeeudulhrelixqmrv\">\n<div class=\"brz-bg\"><\/div>\n<div class=\"brz-column__items brz-css-9hkwll\">\n<div class=\"brz-wrapper-clone brz-css-1jw4txd\">\n<div class=\"brz-d-xs-flex brz-flex-xs-wrap brz-css-nf8hyy\" data-brz-custom-id=\"\">\n<div class=\"brz-wrapper-clone__item\" id=\"wotksrsenjkwizlsbuczyiyzqfebtxrwsgdf\">\n<div class=\"brz-icon__container\" data-brz-custom-id=\"wotksrsenjkwizlsbuczyiyzqfebtxrwsgdf\"><a class=\"brz-a\" href=\"https:\/\/www.facebook.com\/Mairie-de-Blaye-les-Mines-101449224852052\" target=\"_blank\" rel=\"noopener\" data-brz-link-type=\"external\"><span class=\"brz-icon brz-span brz-css-sjyxug brz-css-obem1h\"><\/span><\/a><\/div>\n<\/div>\n<\/div>\n<\/div>\n<\/div>\n<\/div>\n<\/div>\n<\/div>\n<div id=\"\" class=\"brz-css-vzrhe7 brz-wrapper\">\n<div class=\"brz-menu-simple brz-css-1bboxlg brz-css-1n1pkpy\">\n<div><\/div>\n<\/div>\n<\/div>\n<\/div>\n<\/div>\n<\/div>\n<\/div>\n<div class=\"brz-row__container brz-css-2r5kr brz-css-17j6c6z\" data-brz-custom-id=\"htusnmgouvpmguapmlzcbqwplvtniowtqxox\">\n<div class=\"brz-bg\"><\/div>\n<div class=\"brz-row brz-css-1t2yuxh brz-css-2wieey\">\n<div class=\"brz-columns brz-css-9x0eh3 brz-css-14ybcv\" data-brz-custom-id=\"ctrkfcaxyrmnkohggdpglhezhxaekexezzqb\">\n<div class=\"brz-bg\"><\/div>\n<div class=\"brz-column__items brz-css-9hkwll brz-css-dd184p\">\n<div class=\"brz-row__container brz-css-2r5kr\" data-brz-custom-id=\"jerdlcadjwkkshixrnnxszzoxntpkktuucpl\">\n<div class=\"brz-bg\"><\/div>\n<div class=\"brz-row brz-row--inner brz-css-1t2yuxh brz-css-2wieey\">\n<div class=\"brz-columns brz-css-9x0eh3 brz-css-4d54mg\" data-brz-custom-id=\"ypidkfktrnrbcfjasimtmvchxfqmsqcaaigq\">\n<div class=\"brz-bg\"><\/div>\n<div class=\"brz-column__items brz-css-9hkwll\">\n<div id=\"\" class=\"brz-css-vzrhe7 brz-wrapper\">\n<div class=\"brz-rich-text brz-rich-text__custom brz-css-1v42cij\" data-brz-custom-id=\"jcrbmqqdpokiqriqucyvbnrmwsoflkvkwulx\">\n<div data-brz-translate-text=\"1\">\n<p class=\"brz-text-lg-center brz-lh-lg-1_9 brz-lh-sm-im-1_6 brz-lh-xs-im-1_6 brz-ls-lg-0 brz-ls-sm-im-0 brz-ls-xs-im-0 brz-fs-lg-65 brz-fs-sm-im-64 brz-fs-xs-im-64 brz-ff-noto_serif brz-ft-google brz-fw-lg-400 brz-fw-sm-im-400 brz-fw-xs-im-400 brz-css-mtDwO\"><strong class=\"brz-cp-color2\">L\u2019histoire du<\/strong><\/p>\n<p class=\"brz-text-lg-center brz-lh-lg-1_9 brz-lh-sm-im-1_6 brz-lh-xs-im-1_6 brz-ls-lg-0 brz-ls-sm-im-0 brz-ls-xs-im-0 brz-fs-lg-65 brz-fs-sm-im-64 brz-fs-xs-im-64 brz-ff-noto_serif brz-ft-google brz-fw-lg-400 brz-fw-sm-im-400 brz-fw-xs-im-400 brz-css-etwIT\"><strong class=\"brz-cp-color2\">bassin HOUILLER<\/strong><\/p>\n<\/div>\n<\/div>\n<\/div>\n<\/div>\n<\/div>\n<div class=\"brz-columns brz-css-9x0eh3 brz-css-cbuxop\" data-brz-custom-id=\"wwdiajemxthhjsufutnflbplswvhyealzdsn\">\n<div class=\"brz-bg\"><\/div>\n<div class=\"brz-column__items brz-css-9hkwll\">\n<div id=\"\" class=\"brz-css-vzrhe7 brz-wrapper\">\n<div class=\"brz-image brz-css-aogquz brz-css-evotea\" data-brz-custom-id=\"jafmuqwarokikygpuvnwczitzpaciuhocvfr\"><img decoding=\"async\" class=\"brz-img\" src=\"https:\/\/www.blaye-les-mines.fr\/wp-content\/uploads\/brizy\/imgs\/870x489_img_0943-324x182x41x0x242x182x1613470684.jpg\" alt=\"\" loading=\"lazy\"><\/div>\n<\/div>\n<\/div>\n<\/div>\n<\/div>\n<\/div>\n<\/div>\n<\/div>\n<\/div>\n<\/div>\n<\/div>\n<\/div>\n<\/section>\n<section id=\"_otxvggxbzqtvmhodvqougqnxbzytidcwoksd\" class=\"brz-section brz-css-123lpb6\">\n<div class=\"brz-section__content brz-section--boxed brz-css-aywn5u brz-css-14nbp93\" data-brz-custom-id=\"alwmcodnmklqyqpmbvfqqjxvnbechbqlsarz\">\n<div class=\"brz-bg\">\n<div class=\"brz-bg-image\"><\/div>\n<\/div>\n<div class=\"brz-container brz-css-1f8rnq0\">\n<div class=\"brz-row__container brz-css-2r5kr\" data-brz-custom-id=\"hkholztsdgkavggfnpxxauelevbxavhwjyzx\">\n<div class=\"brz-bg\"><\/div>\n<div class=\"brz-row brz-css-1t2yuxh brz-css-2wieey\">\n<div class=\"brz-columns brz-css-9x0eh3 brz-css-srlgz1\" data-brz-custom-id=\"yuztonluzsnaxlazukjciguitqrmedqmfqer\">\n<div class=\"brz-bg\"><\/div>\n<div class=\"brz-column__items brz-css-9hkwll\">\n<div id=\"\" class=\"brz-css-vzrhe7 brz-wrapper\">\n<div class=\"brz-rich-text brz-rich-text__custom brz-css-1v42cij\" data-brz-custom-id=\"bthshqvwcjdejjztyihqfpdwfuewulbiqpoo\">\n<div data-brz-translate-text=\"1\">\n<p class=\"brz-ff-noto_serif brz-ft-google brz-fw-lg-400 brz-fw-sm-im-400 brz-fw-xs-im-400 brz-fs-lg-19 brz-fs-sm-im-20 brz-fs-xs-im-20 brz-css-v761L\"><span>La r\u00e9gion de Carmaux n&rsquo;a d\u00fb son expansion qu&rsquo;\u00e0 la pr\u00e9sence du charbon que renferme son sous-sol et elle doit la d\u00e9couverte du combustible au cours d&rsquo;eau \u00a0\u00bb Le C\u00e9rou \u00ab\u00a0, qui traverse la partie nord et qui fit appara\u00eetre la premi\u00e8re couche au \u00ab\u00a0rocher du coteau de l&rsquo;Ecuelle\u00a0\u00bb(lieu de la premi\u00e8re d\u00e9couverte), banc de gr\u00e9s, ou \u00ab\u00a0rochermolard\u00a0\u00bb(terme local) renfermant plusieurs veines de charbon. Si l&rsquo;origine de l&rsquo;extraction ne peut \u00eatre exactement d\u00e9termin\u00e9e, un document ancien, datant approximativement des ann\u00e9es 1295, permet de la situer au XIIIe si\u00e8cle ; il indique en effet qu&rsquo;un droit de p\u00e9age d&rsquo;un denier par charge \u00e0 la travers\u00e9e du pont d&rsquo;Albi \u00e9tait per\u00e7u pour le charbon de terre servant \u00e0 alimenter les forgerons de la r\u00e9gion.<\/span><\/p>\n<p class=\"brz-ff-noto_serif brz-ft-google brz-fw-lg-400 brz-fw-sm-im-400 brz-fw-xs-im-400 brz-fs-lg-19 brz-fs-sm-im-20 brz-fs-xs-im-20 brz-css-lPr7l\"><\/p>\n<p class=\"brz-ff-noto_serif brz-ft-google brz-fw-lg-400 brz-fw-sm-im-400 brz-fw-xs-im-400 brz-fs-lg-19 brz-fs-sm-im-20 brz-fs-xs-im-20 brz-css-jw1NH\"><span> Jusqu&rsquo;au XVIIIe si\u00e8cle le champ d&rsquo;exploitation qui se situait \u00e0 l&rsquo;ouest et au nord de Carmaux sur les deux rives du C\u00e9rou, avait tout au plus, du levant au couchant, de 1.200 \u00e0 1.500 toises d&rsquo;\u00e9tendue (la toise valant 1,949 m) et \u00e0 peu pr\u00e8s autant du nord au midi. Dans cet espace on avait creus\u00e9 plus de 200 creux ou puits et plus de 300 petites fouilles que les charbonniers du pays appelaient :caves. Ainsi le sol \u00e9tait cribl\u00e9 d&rsquo;excavations dont on r\u00e9ussissait \u00e0 grand-peine \u00e0 arracher quelques lambeaux de gisement. Ces excavations \u00e9taient irr\u00e9guli\u00e8res et le manque d&rsquo;air for\u00e7ait les ouvriers \u00e0 ne pas \u00e9tendre leur chantier loin de l&rsquo;orifice du puits ; d&rsquo;autre part, les \u00e9boulements \u00e9taient trop \u00e0 craindre pour permettre le creusement de galeries de grande longueur. Ces modes d&rsquo;extraction primitifs et d\u00e9fectueux dur\u00e8rent jusqu&rsquo;en 1775 environ. Durant cette \u00e9poque le charbon de Carmaux \u00e9tait transport\u00e9 par la route jusqu&rsquo;\u00e0 Gaillac o\u00f9 il \u00e9tait embarqu\u00e9 pour parvenir ainsi par voie d&rsquo;eau jusqu&rsquo;\u00e0 Toulouse et \u00e0 Bordeaux o\u00f9 il subissait la concurrence de la houille anglaise. On \u00e9value \u00e0 500.000 tonnes l&rsquo;extraction totale du charbon pendant cinq si\u00e8cles, soit des ann\u00e9es 1250 \u00e0 1750 et \u00e0 100 millions de tonnes depuis le d\u00e9but du XIIIe si\u00e8cle jusqu&rsquo;en 2000, date de l&rsquo;arr\u00eat de l&rsquo;extraction du charbon.<\/span><\/p>\n<p class=\"brz-css-c1R5n\"><\/p>\n<p class=\"brz-ff-noto_serif brz-ft-google brz-fw-lg-400 brz-fw-sm-im-400 brz-fw-xs-im-400 brz-fs-lg-30 brz-fs-sm-im-31 brz-fs-xs-im-31 brz-text-lg-center brz-css-vWECj\"><strong class=\"brz-cp-color7\"> DEVELOPPEMENT INDUSTRIEL AU XVIIIe SIECLE<\/strong><\/p>\n<p class=\"brz-ff-noto_serif brz-ft-google brz-fw-lg-400 brz-fw-sm-im-400 brz-fw-xs-im-400 brz-fs-lg-30 brz-fs-sm-im-31 brz-fs-xs-im-31 brz-text-lg-center brz-css-yoeHZ\"><strong class=\"brz-cp-color7\"> <\/strong><\/p>\n<p class=\"brz-ff-noto_serif brz-ft-google brz-fw-lg-400 brz-fw-sm-im-400 brz-fw-xs-im-400 brz-fs-lg-20 brz-fs-sm-im-21 brz-fs-xs-im-21 brz-css-l4x2Z\"><span class=\"brz-cp-color7\">La famille de Solages, originaire du Rouergue, \u00e9tait repr\u00e9sent\u00e9e \u00e0 Carmaux au commencement du XVIIIe si\u00e8cle par Fran\u00e7ois-Paul de Solages dont un des deux fils, Gabriel, d\u00e9sign\u00e9 par la suite sous le nom de Chevalier de Solages, devait \u00eatre l&rsquo;artisan de l&rsquo;expansion des Mines de Carmaux. D\u00e9sireux d&rsquo;accro\u00eetre l&rsquo;importance de son- entreprise et conscient des difficult\u00e9s de transport, il chercha \u00e0 consommer sur place la plus grande partie de ses produits ; de l\u00e0 lui vint l&rsquo;id\u00e9e de construire une verrerie \u00e0 bouteilles pour laquelle il sollicita une concession, accord\u00e9e par arr\u00eat\u00e9 du Conseil d&rsquo;Etat du 2 mai 1752. Cette verrerie devint le plus grand utilisateur de charbon de l&rsquo;\u00e9poque et n\u00e9cessita l&rsquo;exploitation de nouvelles mines. Un r\u00e8glement paru en 1744 avait mis un peu d&rsquo;ordre dans les exploitations mini\u00e8res ; il assujettissait l&rsquo;exploitation desmines \u00e0 une autorisation pr\u00e9alable et fixait la forme et les dimensions des puits ainsi que diverses mesures de s\u00e9curit\u00e9 \u00e0 prendre pour l&rsquo;extraction. C&rsquo;est en vertu de ce R\u00e8glement que, par arr\u00eat du Conseil d&rsquo;Etat en date du 12septembre 1752, le Roi accorda au Chevalier de Solages, pour 20 ans, le monopole de l&rsquo;exploitation du gisement de Carmaux. Cette concession devait \u00eatre prolong\u00e9e \u00e0 diff\u00e9rentes reprises et, en 1782, \u00e0 l&rsquo;occasion d&rsquo;une demande de prorogation, le Chevalier de Solages faisait valoir que les charbons extraits \u00e0400 ou 500 pieds (le pied : 0 m. 3248) de profondeur \u00e9taient d&rsquo;une qualit\u00e9 reconnue sup\u00e9rieure aux meilleurs charbons d&rsquo;Angleterre, que la marine sur la c\u00f4te de Bordeaux, ainsi que les manufactures de cette ville, n&rsquo;en employaient pas d&rsquo;autre, que la province du Languedoc retirait de grands avantages de l&rsquo;entreprise, que, d&rsquo;autre part, plus de 200 ouvriers \u00e9taient occup\u00e9s journellement et qu&rsquo;enfin avec les charrois et le transport, plus de 500familles vivaient de la mine. L&rsquo;usage du charbon de terre s&rsquo;\u00e9tait substitu\u00e9 \u00e0 celui du bois pour la cuisson des briques, tuiles et chaux, cr\u00e9ant ainsi de nouveaux d\u00e9bouch\u00e9s, tout en diminuant consid\u00e9rablement le prix de revient de ces produits, Dans cette seconde moiti\u00e9 du XVIIIe si\u00e8cle la plupart des principales fosses avaient \u00e9t\u00e9 s\u00e9rieusement am\u00e9nag\u00e9es ou transform\u00e9es et nous devons indiquer la grande part prise dans cette am\u00e9lioration des m\u00e9thodes d&rsquo;exploitation, de l&rsquo;organisation du travail et de l&rsquo;outillage, par des ouvriers des mines de Flandres guid\u00e9s par des chefs d&rsquo;ateliers, appel\u00e9s porions, ainsi que par des charpentiers, des boiseurs et un directeur venus dans le bassin vers 1750. Nous noterons \u00e9galement la naissance de l&rsquo;entreprise sid\u00e9rurgique du Saut-du-Tarn \u00e0 la fin du XVIIIe si\u00e8cle, \u00e0 la suite de la d\u00e9couverte d&rsquo;un gisement de fer dans le canton d&rsquo;Alban et de Villefranche, suivie de l&rsquo;autorisation donn\u00e9e au vicomte de Solages d&rsquo;\u00e9tablir \u00e0 Saint-Ju\u00e9ry, \u00e0 6 km en amont d&rsquo;Albi, \u00e0 la chute du Tarn, dite \u00ab\u00a0Saut-de-Sabo\u00a0\u00bb, deux hauts-fourneaux et des forges catalanes.<\/span><\/p>\n<p class=\"brz-fs-lg-20 brz-fs-sm-im-21 brz-fs-xs-im-21 brz-css-hHsDv\"><\/p>\n<p class=\"brz-ff-noto_serif brz-ft-google brz-fw-lg-400 brz-fw-sm-im-400 brz-fw-xs-im-400 brz-fs-lg-30 brz-fs-sm-im-44 brz-fs-xs-im-44 brz-text-lg-center brz-css-bP0a_\"><strong class=\"brz-cp-color7\"> LES MINES DE CARMAUX AU XIX\u00a0\u00bb SIECLE<\/strong><\/p>\n<p class=\"brz-ff-noto_serif brz-ft-google brz-fw-lg-400 brz-fw-sm-im-400 brz-fw-xs-im-400 brz-fs-lg-30 brz-fs-sm-im-44 brz-fs-xs-im-44 brz-text-lg-center brz-css-z2Tdl\"><strong class=\"brz-cp-color7\"> <\/strong><\/p>\n<p class=\"brz-ff-noto_serif brz-ft-google brz-fw-lg-400 brz-fw-sm-im-400 brz-fw-xs-im-400 brz-fs-lg-20 brz-fs-sm-im-21 brz-fs-xs-im-21 brz-css-dZnhP\"><span class=\"brz-cp-color7\">La loi du 21 avril 1810 organisant en France la propri\u00e9t\u00e9 mini\u00e8re, vint donner un nouvel essor aux industries extractives ; les concessions qui n&rsquo;\u00e9taient que temporaires devinrent perp\u00e9tuelles, disponibles et transmissibles comme les autres biens. Les Soci\u00e9t\u00e9s d&rsquo;exploitation h\u00e9sit\u00e8rent moins \u00e0 investir des capitaux importants dans des travaux de recherches et de \u00e7 am\u00e9nagements dont elles pouvaient escompter recueillir les fruits. Le 27 mai 1839 commen\u00e7a l&rsquo;exploitation de la Grillati\u00e9, dont le creusement du puits commenc\u00e9 le 10novembre 1833, fut arr\u00eat\u00e9 le 1er mai 1839 \u00e0 la profondeur de 226 m. ; en 1858devait \u00eatre entrepris le fon\u00e7age du deuxi\u00e8me puits mis en communication avec le premier. En 1857, l&rsquo;exploitation des mines de Carmaux comprenait huit puits :du Ravin, Peyrotte, des Caves du Bois, de Saint-Roch ou de l&rsquo;Ecuelle, de la Grillati\u00e9, des Acacias, de Sainte-Barbe, qui en 1863 devait atteindre 330 m. de profondeur et devenir le plus profond et le mieux am\u00e9nag\u00e9, et du Castillan. En1872, la Soci\u00e9t\u00e9 des Mines de Carmaux, pour r\u00e9pondre aux besoins de la consommation fit construire, pour la fabrication du coke, une usine de 80 fours d&rsquo;un nouveau syst\u00e8me pour remplacer les fours d&rsquo;un mod\u00e8le ancien, construits quelque 25 ans auparavant. En 1878 commen\u00e7a le fon\u00e7age d&rsquo;un grand puits dit :puits de la Tronqui\u00e9 qui, pr\u00e9vu pour une profondeur de 400 m\u00e8tres, fut arr\u00eat\u00e9 en fin juillet 1882 \u00e0 386 m. Le puits de la Tronqui\u00e9 N\u00b0 2, en fon\u00e7age en 1883et destin\u00e9 au d\u00e9but \u00e0 l&rsquo;a\u00e9rage, fut termin\u00e9 en 1886 \u00e0 la profondeur de 304 m. En 1890, en pr\u00e9vision du moment o\u00f9 le puits de la Tronqui\u00e9 en pleine exploitation remplacerait celui de Sainte-Barbe, l&rsquo;obligation de cr\u00e9er un nouveau centre d&rsquo;extraction parut n\u00e9cessaire et c&rsquo;est dans ce but que fut entrepris, le 26 juillet 1893, le fon\u00e7age du puits de Sainte-Marie. Les travaux furent arr\u00eat\u00e9s en mars 1896 \u00e0 la profondeur de 340 m. et l&rsquo;installation du puits N\u00b0 1 fut pr\u00eate \u00e0 fonctionner en 1898 et celle du puits N\u00b0 2 en 1901. A cette \u00e9poque, la Soci\u00e9t\u00e9 des Mines de Carmaux employait environ 3.000 ouvriers et l&rsquo;extraction atteignait 500.000 tonnes\/an.<\/span><\/p>\n<p class=\"brz-css-b1rz8\"><\/p>\n<p class=\"brz-ff-noto_serif brz-ft-google brz-fw-lg-400 brz-fw-sm-im-400 brz-fw-xs-im-400 brz-fs-lg-30 brz-fs-sm-im-44 brz-fs-xs-im-44 brz-text-lg-center brz-css-sGyoP\"><span class=\"brz-cp-color7\"> <\/span><strong class=\"brz-cp-color7\"> <\/strong><\/p>\n<p class=\"brz-ff-noto_serif brz-ft-google brz-fw-lg-400 brz-fw-sm-im-400 brz-fw-xs-im-400 brz-fs-lg-30 brz-fs-sm-im-44 brz-fs-xs-im-44 brz-text-lg-center brz-css-cSAsP\"><strong>LES TEMPS MODERNES<\/strong><\/p>\n<p class=\"brz-ff-noto_serif brz-ft-google brz-fw-lg-400 brz-fw-sm-im-400 brz-fw-xs-im-400 brz-fs-lg-20 brz-fs-sm-im-21 brz-fs-xs-im-21 brz-text-lg-center brz-css-dLHkE\"><\/p>\n<p class=\"brz-text-lg-justify brz-ff-noto_serif brz-ft-google brz-fw-lg-400 brz-fw-sm-im-400 brz-fw-xs-im-400 brz-fs-lg-20 brz-fs-sm-im-21 brz-fs-xs-im-21 brz-css-j19Ni\">De 1900 \u00e0 1914 les Mines de Carmaux ont poursuivi leur extension, et les progr\u00e8s techniques : traction \u00e9lectrique par trolley, havage m\u00e9canique, remblayage hydraulique, \u00e9lectrification du fond favoris\u00e9e par l&rsquo;absence de grisou, marchent de pair avec l&rsquo;am\u00e9lioration de l&rsquo;organisation du travail, la recherche de nouveaux d\u00e9bouch\u00e9s et l&rsquo;adaptation des produits aux exigences commerciales. Un. effort particulier n\u00e9cessit\u00e9 par la d\u00e9faillance des mines du Nord et duPas-de-Calais pendant la guerre 1914-1918, amena la production annuelle de583.000 T en 1914 \u00e0 819.000 en 1917 et 850.000 en 1918. Dans les ann\u00e9es suivantes, la r\u00e9duction des d\u00e9bouch\u00e9s correspondant \u00e0 la reprise d&rsquo;activit\u00e9 de l&rsquo;ensemble des Houill\u00e8res fran\u00e7aises, ainsi qu&rsquo;\u00e0 la diminution des demandes des chemins de fer qui s&rsquo;\u00e9lectrifient, provoque une baisse de l&rsquo;extraction. Cette derni\u00e8re oscille de 1918 \u00e0 1938 entre 550.000 et 700.000 tonnes, le point le plus bas \u00e9tant atteint avec 520.000 T en 1936, ann\u00e9e o\u00f9 la crise \u00e9conomique conduit \u00e0 une r\u00e9duction sensible des effectifs (2.536 ouvriers au 31 d\u00e9cembre1936, soit les 48 % de l&rsquo;effectif de 1918). Apr\u00e8s cette chute importante, un redressement d\u00fb \u00e0 une augmentation de l&rsquo;effectif (3.662 en 1940) et du rendement, devait permettre d&rsquo;atteindre, en 1940, la production record de1.062.000 tonnes. Les ann\u00e9es d&rsquo;occupation provoqu\u00e8rent \u00e0 nouveau une diminution continue de la production qui atteignit son minimum en 1944 avec 470.300 tonnes, l&rsquo;effectif restant sensiblement constant.&nbsp;&nbsp;<\/p>\n<p class=\"brz-ff-noto_serif brz-ft-google brz-fw-lg-400 brz-fw-sm-im-400 brz-fw-xs-im-400 brz-fs-lg-20 brz-fs-sm-im-21 brz-fs-xs-im-21 brz-text-lg-center brz-css-sNYgH\"><\/p>\n<p class=\"brz-ff-noto_serif brz-ft-google brz-fw-lg-400 brz-fw-sm-im-400 brz-fw-xs-im-400 brz-fs-lg-20 brz-fs-sm-im-21 brz-fs-xs-im-21 brz-text-lg-justify brz-css-amt6T\">&#8211; ant\u00e9rieurement \u00e0 1752, par les petits propri\u00e9taires ;<\/p>\n<p class=\"brz-ff-noto_serif brz-ft-google brz-fw-lg-400 brz-fw-sm-im-400 brz-fw-xs-im-400 brz-fs-lg-20 brz-fs-sm-im-21 brz-fs-xs-im-21 brz-text-lg-justify brz-css-tf8sc\">&#8211; de 1752 \u00e0 1793, par le chevalier de Solages ;<\/p>\n<p class=\"brz-ff-noto_serif brz-ft-google brz-fw-lg-400 brz-fw-sm-im-400 brz-fw-xs-im-400 brz-fs-lg-20 brz-fs-sm-im-21 brz-fs-xs-im-21 brz-text-lg-justify brz-css-a_k8R\">&#8211; de 1793 \u00e0 fin1794, par le Comit\u00e9 de Salut Public ;<\/p>\n<p class=\"brz-ff-noto_serif brz-ft-google brz-fw-lg-400 brz-fw-sm-im-400 brz-fw-xs-im-400 brz-fs-lg-20 brz-fs-sm-im-21 brz-fs-xs-im-21 brz-text-lg-justify brz-css-akleO\">&#8211; de fin 1794 \u00e0 1801, par le chevalier de Solages ;<\/p>\n<p class=\"brz-ff-noto_serif brz-ft-google brz-fw-lg-400 brz-fw-sm-im-400 brz-fw-xs-im-400 brz-fs-lg-20 brz-fs-sm-im-21 brz-fs-xs-im-21 brz-text-lg-justify brz-css-dbnKS\">&#8211; de 1801 \u00e0 1810, par le vicomte de Solages ;<\/p>\n<p class=\"brz-ff-noto_serif brz-ft-google brz-fw-lg-400 brz-fw-sm-im-400 brz-fw-xs-im-400 brz-fs-lg-20 brz-fs-sm-im-21 brz-fs-xs-im-21 brz-text-lg-justify brz-css-jBSZ5\">&#8211; de 1810 \u00e0 1856, par l&rsquo;Entreprise des Mines et de la Verrerie de Carmaux, de Solages P\u00e8re et Fils ;<\/p>\n<p class=\"brz-ff-noto_serif brz-ft-google brz-fw-lg-400 brz-fw-sm-im-400 brz-fw-xs-im-400 brz-fs-lg-20 brz-fs-sm-im-21 brz-fs-xs-im-21 brz-text-lg-justify brz-css-jE8gF\">&#8211; de 1856 \u00e0 1866, par la Compagnie des Houill\u00e8res et Chemin de fer de Carmaux \u00e0 Toulouse;<\/p>\n<p class=\"brz-ff-noto_serif brz-ft-google brz-fw-lg-400 brz-fw-sm-im-400 brz-fw-xs-im-400 brz-fs-lg-20 brz-fs-sm-im-21 brz-fs-xs-im-21 brz-text-lg-justify brz-css-eXhqT\">&#8211; de 1866 \u00e0 la Nationalisation, par la Soci\u00e9t\u00e9 des Mines de Carmaux;<\/p>\n<p class=\"brz-ff-noto_serif brz-ft-google brz-fw-lg-400 brz-fw-sm-im-400 brz-fw-xs-im-400 brz-fs-lg-20 brz-fs-sm-im-21 brz-fs-xs-im-21 brz-text-lg-justify brz-css-jyUVY\">&#8211; de 1946 \u00e0 1969 par les Houill\u00e8res du Bassin d&rsquo;Aquitaine;<\/p>\n<p class=\"brz-ff-noto_serif brz-ft-google brz-fw-lg-400 brz-fw-sm-im-400 brz-fw-xs-im-400 brz-fs-lg-20 brz-fs-sm-im-21 brz-fs-xs-im-21 brz-text-lg-justify brz-css-kweNb\">&#8211; de 1969 \u00e0 1983 parles Houill\u00e8res du Bassin Centre Midi;<\/p>\n<p class=\"brz-ff-noto_serif brz-ft-google brz-fw-lg-400 brz-fw-sm-im-400 brz-fw-xs-im-400 brz-fs-lg-20 brz-fs-sm-im-21 brz-fs-xs-im-21 brz-text-lg-justify brz-css-swjEd\">&#8211; de 1983 \u00e0 la fin par les Houill\u00e8res du Bassin Centre Midi, Unit\u00e9 d&rsquo;exploitation Tarn puis Carmaux.<\/p>\n<p class=\"brz-ff-noto_serif brz-ft-google brz-fw-lg-400 brz-fw-sm-im-400 brz-fw-xs-im-400 brz-fs-lg-30 brz-fs-sm-im-31 brz-fs-xs-im-31 brz-text-lg-justify brz-css-t7Mll\"><\/p>\n<p class=\"brz-css-sve2S\"><\/p>\n<p class=\"brz-tp-paragraph brz-css-pIJj6\"><\/p>\n<\/div>\n<\/div>\n<\/div>\n<\/div>\n<\/div>\n<\/div>\n<\/div>\n<div class=\"brz-row__container brz-css-2r5kr\" data-brz-custom-id=\"bpkpynxjmwldhjscircxzstxjqiqnrxwnulj\">\n<div class=\"brz-bg\"><\/div>\n<div class=\"brz-row brz-css-1t2yuxh brz-css-2wieey\">\n<div class=\"brz-columns brz-css-9x0eh3 brz-css-2870fb\" data-brz-custom-id=\"ffkmdohvrrrzfguucayzhqbjzytprrbvzxhv\">\n<div class=\"brz-bg\"><\/div>\n<div class=\"brz-column__items brz-css-9hkwll\">\n<div id=\"\" class=\"brz-css-vzrhe7 brz-wrapper\">\n<div class=\"brz-rich-text brz-rich-text__custom brz-css-1v42cij\" data-brz-custom-id=\"cpxojroulgkfapivddzckbrnuaiuezgxaclw\">\n<div data-brz-translate-text=\"1\">\n<p class=\"brz-tp-paragraph brz-css-yHWKe\"><span class=\"brz-cp-color7\"> <\/span><\/p>\n<\/div>\n<\/div>\n<\/div>\n<\/div>\n<\/div>\n<\/div>\n<\/div>\n<\/div>\n<\/div>\n<\/section>\n<\/div>\n<p>    <!-- version:1737014315 --><\/p>\n","protected":false},"excerpt":{"rendered":"<p>Accueil L\u2019histoire du bassin HOUILLER La r\u00e9gion de Carmaux n&rsquo;a d\u00fb son expansion qu&rsquo;\u00e0 la pr\u00e9sence du charbon que renferme son sous-sol et elle doit la d\u00e9couverte du combustible au cours d&rsquo;eau \u00a0\u00bb Le C\u00e9rou \u00ab\u00a0, qui traverse la partie nord et qui fit appara\u00eetre la premi\u00e8re couche au \u00ab\u00a0rocher du coteau de l&rsquo;Ecuelle\u00a0\u00bb(lieu de [&hellip;]<\/p>\n","protected":false},"author":1,"featured_media":0,"parent":0,"menu_order":0,"comment_status":"closed","ping_status":"closed","template":"brizy-blank-template.php","meta":{"footnotes":""},"brizy_media":[{"id":1621,"url":"https:\/\/www.blaye-les-mines.fr\/wp-content\/uploads\/2021\/02\/870x489_img_0943.jpg","name":"870x489_img_0943.jpg","meta":{"brizy_attachment_uid":"wp-e5f7e982248faf03ee8a6910de7ad464.jpg","brizy_post_uid":["c6a46efed69890262e166994b085c1a4"]}}],"_links":{"self":[{"href":"https:\/\/www.blaye-les-mines.fr\/index.php\/wp-json\/wp\/v2\/pages\/373"}],"collection":[{"href":"https:\/\/www.blaye-les-mines.fr\/index.php\/wp-json\/wp\/v2\/pages"}],"about":[{"href":"https:\/\/www.blaye-les-mines.fr\/index.php\/wp-json\/wp\/v2\/types\/page"}],"author":[{"embeddable":true,"href":"https:\/\/www.blaye-les-mines.fr\/index.php\/wp-json\/wp\/v2\/users\/1"}],"replies":[{"embeddable":true,"href":"https:\/\/www.blaye-les-mines.fr\/index.php\/wp-json\/wp\/v2\/comments?post=373"}],"version-history":[{"count":7,"href":"https:\/\/www.blaye-les-mines.fr\/index.php\/wp-json\/wp\/v2\/pages\/373\/revisions"}],"predecessor-version":[{"id":2018,"href":"https:\/\/www.blaye-les-mines.fr\/index.php\/wp-json\/wp\/v2\/pages\/373\/revisions\/2018"}],"wp:attachment":[{"href":"https:\/\/www.blaye-les-mines.fr\/index.php\/wp-json\/wp\/v2\/media?parent=373"}],"curies":[{"name":"wp","href":"https:\/\/api.w.org\/{rel}","templated":true}]}}