{"id":548,"date":"2021-02-15T15:27:37","date_gmt":"2021-02-15T14:27:37","guid":{"rendered":"http:\/\/www.blaye-les-mines.fr\/?page_id=548"},"modified":"2026-04-06T21:49:35","modified_gmt":"2026-04-06T19:49:35","slug":"revue-municipale","status":"publish","type":"page","link":"https:\/\/www.blaye-les-mines.fr\/index.php\/revue-municipale\/","title":{"rendered":"Revue Municipale"},"content":{"rendered":"<div class=\"brz-root__container brz-reset-all brz brz-root__container-page\">\n<section id=\"60269bb03f26684f135b_mwmlnphrgfftjoozyysolocxyasnqooswvfs\" class=\"brz-section brz-css-18ivhyg\">\n<div class=\"brz-section__content brz-section--boxed brz-css-1kb8fjr brz-css-apv7sx\" data-brz-custom-id=\"umjidnhdchmbgalrcaiiovbeyljmbbpdsqto\">\n<div class=\"brz-bg\">\n<div class=\"brz-bg-image\"><\/div>\n<div class=\"brz-bg-color\"><\/div>\n<div class=\"brz-bg-shape brz-bg-shape__bottom\"><\/div>\n<\/div>\n<div class=\"brz-container brz-css-1lhy3dr\">\n<div class=\"brz-row__container brz-css-cio5am\" data-brz-custom-id=\"zgovmxneivhjbrzxsqfzvbrhlzwdynoxqdqj\">\n<div class=\"brz-bg\"><\/div>\n<div class=\"brz-row brz-css-4zu0bj brz-css-1hxowzk\">\n<div class=\"brz-columns brz-css-jqp45c brz-css-1kmahrp\" data-brz-custom-id=\"vekrfmymikjzswbxbfwpvsqomvssewocqguk\">\n<div class=\"brz-bg\"><\/div>\n<div class=\"brz-column__items brz-css-1502l3j brz-css-sr5b9\">\n<div id=\"\" class=\"brz-css-1711s12 brz-wrapper\">\n<div class=\"brz-image brz-css-1fef38m\" data-brz-custom-id=\"kxqcidgfikwhhqozyekmadlwipbsaicjbefs\"><img decoding=\"async\" class=\"brz-img\" src=\"https:\/\/www.blaye-les-mines.fr\/wp-content\/uploads\/brizy\/imgs\/LogoBlaye-a-envoyer--174x102x0x1x174x101x1613394616.jpg\" alt=\"\" loading=\"lazy\"><\/div>\n<\/div>\n<\/div>\n<\/div>\n<div class=\"brz-columns brz-css-jqp45c brz-css-6om34w\" data-brz-custom-id=\"zisffihfyviqkcpqfevxentzijxeppadxest\">\n<div class=\"brz-bg\"><\/div>\n<div class=\"brz-column__items brz-css-1502l3j brz-css-q6dhic\">\n<div class=\"brz-row__container brz-css-cio5am\" data-brz-custom-id=\"thuraazrqfaaqddhdwwowfjrbhczlahouosk\">\n<div class=\"brz-bg\"><\/div>\n<div class=\"brz-row brz-row--inner brz-css-4zu0bj brz-css-1hxowzk\">\n<div class=\"brz-columns brz-css-jqp45c brz-css-17a14ud\" data-brz-custom-id=\"tvjpcvyhextgcgqsafpfuecokxpmzikhsjml\">\n<div class=\"brz-bg\"><\/div>\n<div class=\"brz-column__items brz-css-1502l3j\">\n<div id=\"\" class=\"brz-css-1711s12 brz-wrapper\">\n<div class=\"brz-rich-text brz-rich-text__custom brz-css-dwj3de\" data-brz-custom-id=\"aohsufsnvcmfsqfimxsbgztzkkjiqrkoybze\">\n<div data-brz-translate-text=\"1\">\n<p class=\"brz-lh-lg-1_9 brz-lh-sm-im-1_6 brz-lh-xs-im-1_6 brz-ls-lg-0 brz-ls-sm-im-0 brz-ls-xs-im-0 brz-ff-noto_serif brz-ft-google brz-fw-lg-400 brz-fw-sm-im-400 brz-fw-xs-im-400 brz-fs-lg-40 brz-fs-sm-im-39 brz-fs-xs-im-39 brz-text-lg-center brz-css-dY55P\">\t\t<a class=\"link--external\" href=\"https:\/\/www.blaye-les-mines.fr\/\" data-brz-link-type=\"external\"><strong>Accueil<\/strong><\/a><\/p>\n<\/div>\n<\/div>\n<\/div>\n<\/div>\n<\/div>\n<div class=\"brz-columns brz-css-jqp45c brz-css-jzmosv\" data-brz-custom-id=\"wysougbevodvqqidlkwyaifpwhxlbzcwgggn\">\n<div class=\"brz-bg\"><\/div>\n<div class=\"brz-column__items brz-css-1502l3j\">\n<div class=\"brz-wrapper-clone brz-css-1n6prxd\">\n<div class=\"brz-d-xs-flex brz-flex-xs-wrap brz-css-1mo80xg\" data-brz-custom-id=\"\">\n<div class=\"brz-wrapper-clone__item\" id=\"hkpqwthjldhjlsuzgywovwlldccxfalusnbu\">\n<div class=\"brz-icon__container\" data-brz-custom-id=\"hkpqwthjldhjlsuzgywovwlldccxfalusnbu\"><a class=\"brz-a\" href=\"https:\/\/www.facebook.com\/Mairie-de-Blaye-les-Mines-101449224852052\" target=\"_blank\" rel=\"noopener\" data-brz-link-type=\"external\"><span class=\"brz-icon brz-span brz-css-139jsoz brz-css-uqwkfr\"><\/span><\/a><\/div>\n<\/div>\n<\/div>\n<\/div>\n<\/div>\n<\/div>\n<\/div>\n<\/div>\n<div id=\"\" class=\"brz-css-1711s12 brz-wrapper\">\n<div class=\"brz-menu-simple brz-css-1utzbmz brz-css-137ds5p\">\n<div>\n<div class=\"menu-mairie-container\">\n<ul id=\"menu-mairie\" class=\"menu\">\n<li id=\"menu-item-1783\" class=\"menu-item menu-item-type-custom menu-item-object-custom menu-item-home menu-item-has-children menu-item-1783\"><a href=\"http:\/\/www.blaye-les-mines.fr\/\">Presentation<\/a>\n<ul class=\"sub-menu\">\n<li id=\"menu-item-281\" class=\"menu-item menu-item-type-post_type menu-item-object-page menu-item-281\"><a href=\"https:\/\/www.blaye-les-mines.fr\/index.php\/situation\/\">Situation<\/a><\/li>\n<li id=\"menu-item-579\" class=\"menu-item menu-item-type-post_type menu-item-object-page menu-item-579\"><a href=\"https:\/\/www.blaye-les-mines.fr\/index.php\/mot-du-maire\/\">Mot du Maire<\/a><\/li>\n<li id=\"menu-item-578\" class=\"menu-item menu-item-type-post_type menu-item-object-page menu-item-578\"><a href=\"https:\/\/www.blaye-les-mines.fr\/index.php\/conseil-municipal\/\">Conseil Municipal<\/a><\/li>\n<li id=\"menu-item-577\" class=\"menu-item menu-item-type-post_type menu-item-object-page menu-item-577\"><a href=\"https:\/\/www.blaye-les-mines.fr\/index.php\/lhistoire-du-bassin-houiller\/\">L\u2019histoire du bassin HOUILLER<\/a><\/li>\n<li id=\"menu-item-576\" class=\"menu-item menu-item-type-post_type menu-item-object-page menu-item-576\"><a href=\"https:\/\/www.blaye-les-mines.fr\/index.php\/revue-municipale\/\">Revue Municipale<\/a><\/li>\n<\/ul>\n<\/li>\n<li id=\"menu-item-1784\" class=\"menu-item menu-item-type-custom menu-item-object-custom menu-item-has-children menu-item-1784\"><a href=\"http:\/\/www.blaye-les-mines.fr\/index.php\/les-services-municipaux\/\">Les services<\/a>\n<ul class=\"sub-menu\">\n<li id=\"menu-item-1470\" class=\"menu-item menu-item-type-post_type menu-item-object-page menu-item-1470\"><a href=\"https:\/\/www.blaye-les-mines.fr\/index.php\/les-services-municipaux\/\">Les Services Municipaux<\/a><\/li>\n<li id=\"menu-item-1469\" class=\"menu-item menu-item-type-post_type menu-item-object-page menu-item-1469\"><a href=\"https:\/\/www.blaye-les-mines.fr\/index.php\/scolarite\/\">Scolarit\u00e9<\/a><\/li>\n<li id=\"menu-item-1468\" class=\"menu-item menu-item-type-post_type menu-item-object-page menu-item-1468\"><a href=\"https:\/\/www.blaye-les-mines.fr\/index.php\/demarches\/\">D\u00e9marches<\/a><\/li>\n<li id=\"menu-item-1473\" class=\"menu-item menu-item-type-post_type menu-item-object-page menu-item-1473\"><a href=\"https:\/\/www.blaye-les-mines.fr\/index.php\/marches-de-travaux\/\">March\u00e9s de travaux<\/a><\/li>\n<li id=\"menu-item-1472\" class=\"menu-item menu-item-type-post_type menu-item-object-page menu-item-1472\"><a href=\"https:\/\/www.blaye-les-mines.fr\/index.php\/arretes-prefectoraux\/\">Arr\u00eat\u00e9s Pr\u00e9fectoraux<\/a><\/li>\n<li id=\"menu-item-1471\" class=\"menu-item menu-item-type-post_type menu-item-object-page menu-item-1471\"><a href=\"https:\/\/www.blaye-les-mines.fr\/index.php\/risques-majeurs\/\">Risques majeurs<\/a><\/li>\n<\/ul>\n<\/li>\n<li id=\"menu-item-1785\" class=\"menu-item menu-item-type-custom menu-item-object-custom menu-item-has-children menu-item-1785\"><a href=\"http:\/\/www.blaye-les-mines.fr\/index.php\/o-m-s-b\/\">Vie sportive et culturelle<\/a>\n<ul class=\"sub-menu\">\n<li id=\"menu-item-1475\" class=\"menu-item menu-item-type-post_type menu-item-object-page menu-item-1475\"><a href=\"https:\/\/www.blaye-les-mines.fr\/index.php\/o-m-s-b\/\">O.M.S.B<\/a><\/li>\n<li id=\"menu-item-1474\" class=\"menu-item menu-item-type-post_type menu-item-object-page menu-item-1474\"><a href=\"https:\/\/www.blaye-les-mines.fr\/index.php\/o-m-c-b\/\">O.M.C.B<\/a><\/li>\n<li id=\"menu-item-1477\" class=\"menu-item menu-item-type-post_type menu-item-object-page menu-item-1477\"><a href=\"https:\/\/www.blaye-les-mines.fr\/index.php\/association-de-blaye-les-mines\/\">Associations de Blaye-les-Mines<\/a><\/li>\n<li id=\"menu-item-1476\" class=\"menu-item menu-item-type-post_type menu-item-object-page menu-item-1476\"><a href=\"https:\/\/www.blaye-les-mines.fr\/index.php\/bernard-joseph-artigue\/\">Bernard-Joseph Artigue<\/a><\/li>\n<\/ul>\n<\/li>\n<li id=\"menu-item-1786\" class=\"menu-item menu-item-type-custom menu-item-object-custom menu-item-has-children menu-item-1786\"><a href=\"http:\/\/www.blaye-les-mines.fr\/index.php\/entreprises-2\/\">Entreprises<\/a>\n<ul class=\"sub-menu\">\n<li id=\"menu-item-1479\" class=\"menu-item menu-item-type-post_type menu-item-object-page menu-item-1479\"><a href=\"https:\/\/www.blaye-les-mines.fr\/index.php\/entreprises-2\/\">Entreprises<\/a><\/li>\n<li id=\"menu-item-1478\" class=\"menu-item menu-item-type-post_type menu-item-object-page menu-item-1478\"><a href=\"https:\/\/www.blaye-les-mines.fr\/index.php\/3cs-la-communaute-de-communes-carmausin-segala\/\">3CS: La communaut\u00e9 de Communes Carmausin S\u00e9gala<\/a><\/li>\n<\/ul>\n<\/li>\n<\/ul>\n<\/div>\n<\/div>\n<\/div>\n<\/div>\n<\/div>\n<\/div>\n<\/div>\n<\/div>\n<div class=\"brz-row__container brz-css-cio5am brz-css-10wxvb3\" data-brz-custom-id=\"mqmpduqopaviqlpdafeobdxsseugwphlzrmj\">\n<div class=\"brz-bg\"><\/div>\n<div class=\"brz-row brz-css-4zu0bj brz-css-1hxowzk\">\n<div class=\"brz-columns brz-css-jqp45c brz-css-1gkfxmd\" data-brz-custom-id=\"teehrsbfzmfespoeyxbrousbsswkuhsgidnn\">\n<div class=\"brz-bg\"><\/div>\n<div class=\"brz-column__items brz-css-1502l3j brz-css-fawug8\">\n<div id=\"\" class=\"brz-css-1711s12 brz-css-b9on19 brz-wrapper\">\n<div class=\"brz-rich-text brz-rich-text__custom brz-css-dwj3de\" data-brz-custom-id=\"twxelezzgvgiwnueuajwqsppfmzhfighjhqd\">\n<div data-brz-translate-text=\"1\">\n<p class=\"brz-text-lg-center brz-text-xs-center brz-lh-lg-1_3 brz-lh-sm-im-1_2 brz-lh-xs-im-1_3 brz-ls-lg-m_1_5 brz-ls-sm-im-m_1 brz-ls-xs-im-m_1 brz-ff-noto_serif brz-ft-google brz-fw-lg-700 brz-fw-sm-im-700 brz-fw-xs-im-700 brz-fs-lg-64 brz-fs-sm-im-56 brz-fs-xs-im-54 brz-css-yv9cX\"><span class=\"brz-cp-color2\">Revue Municipale<\/span><\/p>\n<\/div>\n<\/div>\n<\/div>\n<\/div>\n<\/div>\n<\/div>\n<\/div>\n<\/div>\n<\/div>\n<\/section>\n<section id=\"65d15ef54971102e81bf_dzydgvncdhtgeyppmnzigjvjvlkparltuncp\" class=\"brz-section brz-css-18ivhyg\">\n<div class=\"brz-section__content brz-section--boxed brz-css-1kb8fjr brz-css-znula3\" data-brz-custom-id=\"astzsugptpmxcziyciqjycinsrykdydflkos\">\n<div class=\"brz-bg\">\n<div class=\"brz-bg-image\"><\/div>\n<\/div>\n<div class=\"brz-container brz-css-1lhy3dr\">\n<div class=\"brz-row__container brz-css-cio5am\" data-brz-custom-id=\"pzpbnllwpxmwkonpakmdgssoptzhmuncfpcr\">\n<div class=\"brz-bg\"><\/div>\n<div class=\"brz-row brz-css-4zu0bj brz-css-1hxowzk\">\n<div class=\"brz-columns brz-css-jqp45c brz-css-qhfwou\" data-brz-custom-id=\"scrntooitjlwnnuvbqwnzzmimijejiizvvwl\">\n<div class=\"brz-bg\"><\/div>\n<div class=\"brz-column__items brz-css-1502l3j\">\n<div id=\"\" class=\"brz-css-1711s12 brz-wrapper\">\n<div class=\"brz-image brz-image__lightbox brz-css-1j6k6ky\" data-brz-custom-id=\"witpG2oUBOwS\"><a href=\"https:\/\/www.blaye-les-mines.fr\/wp-content\/uploads\/2025\/04\/couverture94-scaled.jpg\" data-src=\"https:\/\/www.blaye-les-mines.fr\/wp-content\/uploads\/2025\/04\/couverture94-scaled.jpg\" data-thumb=\"https:\/\/www.blaye-les-mines.fr\/wp-content\/uploads\/2025\/04\/couverture94-scaled.jpg\" class=\"ml-lightbox-enabled\"><img decoding=\"async\" class=\"brz-img\" src=\"https:\/\/www.blaye-les-mines.fr\/wp-content\/uploads\/2025\/04\/couverture94-scaled.jpg\" alt=\"\" loading=\"lazy\"><\/a><\/div>\n<\/div>\n<\/div>\n<\/div>\n<div class=\"brz-columns brz-css-jqp45c brz-css-d33jad\" data-brz-custom-id=\"vtkyofiiltadrioegljoogbsjidmfmgijrgv\">\n<div class=\"brz-bg\"><\/div>\n<div class=\"brz-column__items brz-css-1502l3j\">\n<div id=\"\" class=\"brz-css-1711s12 brz-wrapper\">\n<div class=\"brz-rich-text brz-rich-text__custom brz-css-dwj3de\" data-brz-custom-id=\"ytgyepppifbbhlzaszcfpjiaymwjyefmvgvd\">\n<div data-brz-translate-text=\"1\">\n<p data-generated-css=\"brz-css-oCvSf\" data-uniq-id=\"nRSsc\" class=\"brz-css-z37cf\"><\/p>\n<ul>\n<li class=\"brz-ff-noto_serif brz-ft-google brz-fs-lg-20 brz-fs-sm-19 brz-fs-xs-19 brz-fw-lg-700 brz-fw-sm-700 brz-fw-xs-700 brz-bcp-color7 brz-css-jdxuc\" data-generated-css=\"brz-css-rQzsA\" data-uniq-id=\"qeI3S\"><a class=\"brz-cp-color7 link--external\" href=\"https:\/\/www.calameo.com\/read\/0037437335d64da53ccfc\" data-brz-link-type=\"external\" target=\"_blank\" rel=\"noopener\">Blaye Information &#8211; n\u00b0 94 &#8211; Novembre 2024 <\/a><\/li>\n<li class=\"brz-bcp-color7 brz-ff-noto_serif brz-ft-google brz-fs-lg-20 brz-fs-sm-19 brz-fs-xs-19 brz-fw-lg-700 brz-fw-sm-700 brz-fw-xs-700 brz-css-hkHKB\" data-generated-css=\"brz-css-zQ7OE\" data-uniq-id=\"oBeZQ\"><a class=\"link--external brz-cp-color7\" href=\"https:\/\/www.calameo.com\/read\/003743733e3dc2e73002d\" data-brz-link-type=\"external\" target=\"_blank\" rel=\"noopener\">Blaye Information &#8211; n\u00b0 93 &#8211; Mai 2024<\/a><a class=\"brz-cp-color7 link--external\" href=\"https:\/\/www.calameo.com\/read\/003743733683a005f8970\" data-brz-link-type=\"external\" target=\"_blank\" rel=\"noopener\"> <\/a><\/li>\n<li class=\"brz-bcp-color7 brz-ff-noto_serif brz-ft-google brz-fs-lg-20 brz-fs-sm-19 brz-fs-xs-19 brz-fw-lg-700 brz-fw-sm-700 brz-fw-xs-700 brz-css-r8E1p\" data-generated-css=\"brz-css-kBsBG\" data-uniq-id=\"u44Lf\"><a class=\"link--external brz-cp-color7\" href=\"https:\/\/www.calameo.com\/read\/003743733683a005f8970\" data-brz-link-type=\"external\" target=\"_blank\" rel=\"noopener\">Blaye Information &#8211; n\u00b0 92 &#8211; D\u00e9cembre 2023<\/a><span class=\"brz-cp-color7 brz-span\"> <\/span><\/li>\n<li class=\"brz-ff-noto_serif brz-ft-google brz-fs-lg-20 brz-fs-sm-19 brz-fs-xs-19 brz-fw-lg-700 brz-fw-sm-700 brz-fw-xs-700 brz-bcp-color7 brz-css-iiYT8\" data-generated-css=\"brz-css-cP3Kl\" data-uniq-id=\"ylP1i\"><a class=\"link--external brz-cp-color7\" href=\"https:\/\/www.calameo.com\/read\/003743733ae11e31e27a8\" data-brz-link-type=\"external\" target=\"_blank\" rel=\"noopener\">Blaye Information &#8211; n\u00b0 91 &#8211; Juillet 2023 &#8211; N\u00b0 Sp\u00e9cial<\/a><\/li>\n<li class=\"brz-ff-noto_serif brz-ft-google brz-fs-lg-20 brz-fs-sm-19 brz-fs-xs-19 brz-fw-lg-700 brz-fw-sm-700 brz-fw-xs-700 brz-bcp-color7 brz-css-lG2VJ\" data-generated-css=\"brz-css-u4GYu\" data-uniq-id=\"pCswb\"><a class=\"link--external brz-cp-color7\" href=\"https:\/\/www.calameo.com\/read\/0037437333123b9c554fa\" data-brz-link-type=\"external\" target=\"_blank\" rel=\"noopener\">Blaye Information &#8211; n\u00b0 90 &#8211; Mai 2023<\/a><\/li>\n<li class=\"brz-ff-noto_serif brz-ft-google brz-fs-lg-20 brz-fs-sm-19 brz-fs-xs-19 brz-fw-lg-700 brz-fw-sm-700 brz-fw-xs-700 brz-bcp-color7 brz-css-oKw4r\" data-generated-css=\"brz-css-sq5tE\" data-uniq-id=\"lzupc\"><a class=\"link--external brz-cp-color7\" href=\"https:\/\/fr.calameo.com\/read\/00374373318ac3958a27f\" data-brz-link-type=\"external\" target=\"_blank\" rel=\"noopener\">Blaye Information &#8211; n\u00b0 89 &#8211; D\u00e9cembre 2022 <\/a><\/li>\n<li class=\"brz-ff-noto_serif brz-ft-google brz-fs-lg-20 brz-fs-sm-19 brz-fs-xs-19 brz-fw-lg-700 brz-fw-sm-700 brz-fw-xs-700 brz-bcp-color7 brz-css-ns9u8\" data-generated-css=\"brz-css-g2JUs\" data-uniq-id=\"zBifl\"><a class=\"link--external brz-cp-color7\" href=\"https:\/\/fr.calameo.com\/read\/0037437336338de34b792\" data-brz-link-type=\"external\" target=\"_blank\" rel=\"noopener\">Blaye Information &#8211; n\u00b0 88 &#8211; Mai 2022<\/a><a class=\"brz-cp-color7 link--external\" href=\"https:\/\/fr.calameo.com\/read\/0037437333cad6b896ada\" data-brz-link-type=\"external\" target=\"_blank\" rel=\"noopener\"> <\/a><\/li>\n<li class=\"brz-ff-noto_serif brz-ft-google brz-fs-lg-20 brz-fs-sm-19 brz-fs-xs-19 brz-fw-lg-700 brz-fw-sm-700 brz-fw-xs-700 brz-bcp-color7 brz-css-r87Hj\" data-generated-css=\"brz-css-yqLb6\" data-uniq-id=\"npmEo\"><a class=\"link--external brz-cp-color7\" href=\"https:\/\/fr.calameo.com\/read\/003743733b96eeda8d1b7\" data-brz-link-type=\"external\" target=\"_blank\" rel=\"noopener\">Blaye Information &#8211; n\u00b0 87 &#8211; Novembre 2021<\/a><\/li>\n<li class=\"brz-ff-noto_serif brz-ft-google brz-fs-lg-20 brz-fs-sm-19 brz-fs-xs-19 brz-fw-lg-700 brz-fw-sm-700 brz-fw-xs-700 brz-bcp-color7 brz-css-k_XIb\" data-generated-css=\"brz-css-m6Blf\" data-uniq-id=\"bCmTU\"><a class=\"link--external brz-cp-color7\" href=\"https:\/\/fr.calameo.com\/read\/00374373311b1f52b1f9c\" data-brz-link-type=\"external\">Blaye Information &#8211; n\u00b0 86 &#8211; Mai 2021<\/a><a class=\"brz-cp-color7 link--external\" href=\"https:\/\/fr.calameo.com\/read\/0037437333cad6b896ada\" data-brz-link-type=\"external\" target=\"_blank\" rel=\"noopener\"> <\/a><\/li>\n<li class=\"brz-ff-noto_serif brz-ft-google brz-fs-lg-20 brz-fs-sm-19 brz-fs-xs-19 brz-fw-lg-700 brz-fw-sm-700 brz-fw-xs-700 brz-bcp-color7 brz-css-mjRma\" data-generated-css=\"brz-css-h_LBW\" data-uniq-id=\"oS5WQ\"><a class=\"link--external brz-cp-color7\" href=\"https:\/\/fr.calameo.com\/read\/0037437333cad6b896ada\" data-brz-link-type=\"external\" target=\"_blank\" rel=\"noopener\">Blaye Information \u2013 n\u00b0 85 \u2013 Novembre 2020<\/a><\/li>\n<li class=\"brz-ff-noto_serif brz-ft-google brz-fs-lg-20 brz-fs-sm-19 brz-fs-xs-19 brz-fw-lg-700 brz-fw-sm-700 brz-fw-xs-700 brz-bcp-color7 brz-css-rqH3b\" data-generated-css=\"brz-css-vchQ9\" data-uniq-id=\"bMy4m\"><a class=\"link--external brz-cp-color7\" href=\"https:\/\/fr.calameo.com\/read\/00374373314681a8b3a26\" data-brz-link-type=\"external\" target=\"_blank\" rel=\"noopener\">Blaye Information \u2013 n\u00b0 84 _ Juin 2020<\/a><\/li>\n<li class=\"brz-ff-noto_serif brz-ft-google brz-fs-lg-20 brz-fs-sm-19 brz-fs-xs-19 brz-fw-lg-700 brz-fw-sm-700 brz-fw-xs-700 brz-bcp-color7 brz-css-x3Q8x\" data-generated-css=\"brz-css-eZTOg\" data-uniq-id=\"rAKod\"><a class=\"link--external brz-cp-color7\" href=\"https:\/\/fr.calameo.com\/read\/0037437335a1708c324a5\" data-brz-link-type=\"external\" target=\"_blank\" rel=\"noopener\">Blaye Information \u2013 n\u00b0 83 \u2013 Novembre 2019<\/a><\/li>\n<li class=\"brz-ff-noto_serif brz-ft-google brz-fs-lg-20 brz-fs-sm-19 brz-fs-xs-19 brz-fw-lg-700 brz-fw-sm-700 brz-fw-xs-700 brz-bcp-color7 brz-css-nG3Ry\" data-generated-css=\"brz-css-seLuK\" data-uniq-id=\"byEYm\"><a class=\"link--external brz-cp-color7\" href=\"https:\/\/fr.calameo.com\/read\/003743733766a9495e5d2\" data-brz-link-type=\"external\" target=\"_blank\" rel=\"noopener\">Blaye Information \u2013 n\u00b0 82 \u2013 Mai 2019<\/a><\/li>\n<\/ul>\n<p class=\"brz-tp-lg-paragraph brz-ff-noto_serif brz-ft-google brz-fw-lg-400 brz-fw-sm-400 brz-fw-xs-400 brz-fs-lg-28 brz-fs-sm-29 brz-fs-xs-29 brz-css-hMS2a\" data-generated-css=\"brz-css-ck3E6\" data-uniq-id=\"lqynX\"><span class=\"brz-cp-color7\"> <\/span><\/p>\n<\/div>\n<\/div>\n<\/div>\n<\/div>\n<\/div>\n<\/div>\n<\/div>\n<\/div>\n<\/div>\n<\/section>\n<\/div>\n<p>    <!-- version:1743515064 --><\/p>\n","protected":false},"excerpt":{"rendered":"<p>Accueil Presentation Situation Mot du Maire Conseil Municipal L\u2019histoire du bassin HOUILLER Revue Municipale Les services Les Services Municipaux Scolarit\u00e9 D\u00e9marches March\u00e9s de travaux Arr\u00eat\u00e9s Pr\u00e9fectoraux Risques majeurs Vie sportive et culturelle O.M.S.B O.M.C.B Associations de Blaye-les-Mines Bernard-Joseph Artigue Entreprises Entreprises 3CS: La communaut\u00e9 de Communes Carmausin S\u00e9gala Revue Municipale Blaye Information &#8211; n\u00b0 94 [&hellip;]<\/p>\n","protected":false},"author":1,"featured_media":0,"parent":0,"menu_order":0,"comment_status":"closed","ping_status":"closed","template":"brizy-blank-template.php","meta":{"footnotes":""},"brizy_media":[{"id":566,"url":"https:\/\/www.blaye-les-mines.fr\/wp-content\/uploads\/2021\/02\/Capture.jpg","name":"Capture.jpg","meta":{"brizy_attachment_uid":"wp-d175abb2b48dd5ba2f00542a344469db.jpg","brizy_post_uid":["8d9944970491ed238d103da843e9cabf"]}},{"id":2975,"url":"https:\/\/www.blaye-les-mines.fr\/wp-content\/uploads\/2023\/01\/Bulletin-89-scaled.jpg","name":"Bulletin-89.jpg","meta":{"brizy_attachment_uid":"wp-d9be1cab0d0006c60d0fa73c165fda38.jpg","brizy_post_uid":["8d9944970491ed238d103da843e9cabf"]}},{"id":3302,"url":"https:\/\/www.blaye-les-mines.fr\/wp-content\/uploads\/2023\/05\/couverture90-haute-resolution05-copie-scaled.jpg","name":"couverture90-haute-resolution05-copie.jpg","meta":{"brizy_attachment_uid":"wp-4db652ba3cba212a183101bf3c3bade7.jpg","brizy_post_uid":["8d9944970491ed238d103da843e9cabf"]}},{"id":3606,"url":"https:\/\/www.blaye-les-mines.fr\/wp-content\/uploads\/2024\/01\/couverture92-scaled.jpg","name":"couverture92.jpg","meta":{"brizy_attachment_uid":"wp-3aeb35aea13cbd2e53e5f775d8f767d8.jpg","brizy_post_uid":["8d9944970491ed238d103da843e9cabf"]}},{"id":3950,"url":"https:\/\/www.blaye-les-mines.fr\/wp-content\/uploads\/2024\/11\/couverture93-haute-resolution-avec-election-europeenne-copie-scaled.jpg","name":"couverture93-haute-resolution-avec-election-europeenne-copie.jpg","meta":{"brizy_attachment_uid":"wp-4f9fd746a399aeab683b3033c1382f59.jpg","brizy_post_uid":["8d9944970491ed238d103da843e9cabf"]}},{"id":4091,"url":"https:\/\/www.blaye-les-mines.fr\/wp-content\/uploads\/2025\/04\/couverture94-scaled.jpg","name":"couverture94.jpg","meta":{"brizy_attachment_uid":"wp-fb36a9ce7d47baf7085210088eb71e36.jpg","brizy_post_uid":["8d9944970491ed238d103da843e9cabf"]}}],"_links":{"self":[{"href":"https:\/\/www.blaye-les-mines.fr\/index.php\/wp-json\/wp\/v2\/pages\/548"}],"collection":[{"href":"https:\/\/www.blaye-les-mines.fr\/index.php\/wp-json\/wp\/v2\/pages"}],"about":[{"href":"https:\/\/www.blaye-les-mines.fr\/index.php\/wp-json\/wp\/v2\/types\/page"}],"author":[{"embeddable":true,"href":"https:\/\/www.blaye-les-mines.fr\/index.php\/wp-json\/wp\/v2\/users\/1"}],"replies":[{"embeddable":true,"href":"https:\/\/www.blaye-les-mines.fr\/index.php\/wp-json\/wp\/v2\/comments?post=548"}],"version-history":[{"count":28,"href":"https:\/\/www.blaye-les-mines.fr\/index.php\/wp-json\/wp\/v2\/pages\/548\/revisions"}],"predecessor-version":[{"id":4096,"href":"https:\/\/www.blaye-les-mines.fr\/index.php\/wp-json\/wp\/v2\/pages\/548\/revisions\/4096"}],"wp:attachment":[{"href":"https:\/\/www.blaye-les-mines.fr\/index.php\/wp-json\/wp\/v2\/media?parent=548"}],"curies":[{"name":"wp","href":"https:\/\/api.w.org\/{rel}","templated":true}]}}